{"id":116,"date":"2024-11-29T19:54:44","date_gmt":"2024-11-29T19:54:44","guid":{"rendered":"http:\/\/www.fxsystem.com.tr\/?page_id=116"},"modified":"2024-11-30T15:01:07","modified_gmt":"2024-11-30T15:01:07","slug":"white-pepper-2","status":"publish","type":"page","link":"https:\/\/www.fxsystem.com.tr\/index.php\/white-pepper-2\/","title":{"rendered":"White Pepper"},"content":{"rendered":"\t\t<div data-elementor-type=\"wp-page\" data-elementor-id=\"116\" class=\"elementor elementor-116\">\n\t\t\t\t<div class=\"elementor-element elementor-element-71e85fd e-con-full e-flex e-con e-child\" data-id=\"71e85fd\" data-element_type=\"container\" data-e-type=\"container\">\n\t\t<div class=\"elementor-element elementor-element-77e2de3 e-con-full e-flex e-con e-child\" data-id=\"77e2de3\" data-element_type=\"container\" data-e-type=\"container\">\n\t\t\t\t<\/div>\n\t\t<div class=\"elementor-element elementor-element-98eff13 e-con-full e-flex e-con e-child\" data-id=\"98eff13\" data-element_type=\"container\" data-e-type=\"container\">\n\t\t<div class=\"elementor-element elementor-element-7b53072 e-grid e-con-full e-con e-child\" data-id=\"7b53072\" data-element_type=\"container\" data-e-type=\"container\">\n\t\t\t\t<div class=\"elementor-element elementor-element-e1553e0 elementor-widget elementor-widget-image\" data-id=\"e1553e0\" data-element_type=\"widget\" data-e-type=\"widget\" data-widget_type=\"image.default\">\n\t\t\t\t<div class=\"elementor-widget-container\">\n\t\t\t\t\t\t\t\t\t\t\t\t\t\t\t<img fetchpriority=\"high\" decoding=\"async\" width=\"810\" height=\"525\" src=\"http:\/\/www.fxsystem.com.tr\/wp-content\/uploads\/2024\/11\/white-pepper.jpg\" class=\"attachment-full size-full wp-image-49\" alt=\"\" srcset=\"http:\/\/www.fxsystem.com.tr\/wp-content\/uploads\/2024\/11\/white-pepper.jpg 810w, http:\/\/www.fxsystem.com.tr\/wp-content\/uploads\/2024\/11\/white-pepper-300x194.jpg 300w, http:\/\/www.fxsystem.com.tr\/wp-content\/uploads\/2024\/11\/white-pepper-768x498.jpg 768w\" sizes=\"(max-width: 810px) 100vw, 810px\" \/>\t\t\t\t\t\t\t\t\t\t\t\t\t\t\t<\/div>\n\t\t\t\t<\/div>\n\t\t\t\t<\/div>\n\t\t\t\t<\/div>\n\t\t<div class=\"elementor-element elementor-element-f6ea9b1 e-con-full e-flex e-con e-child\" data-id=\"f6ea9b1\" data-element_type=\"container\" data-e-type=\"container\">\n\t\t\t\t<div class=\"elementor-element elementor-element-d238af7 elementor-widget elementor-widget-heading\" data-id=\"d238af7\" data-element_type=\"widget\" data-e-type=\"widget\" data-widget_type=\"heading.default\">\n\t\t\t\t<div class=\"elementor-widget-container\">\n\t\t\t\t\t<h2 class=\"elementor-heading-title elementor-size-default\">WHITE PEPPER<\/h2>\t\t\t\t<\/div>\n\t\t\t\t<\/div>\n\t\t<div class=\"elementor-element elementor-element-f8ef27b e-grid e-con-full e-con e-child\" data-id=\"f8ef27b\" data-element_type=\"container\" data-e-type=\"container\">\n\t\t\t\t<div class=\"elementor-element elementor-element-4aa6aec elementor-widget elementor-widget-heading\" data-id=\"4aa6aec\" data-element_type=\"widget\" data-e-type=\"widget\" data-widget_type=\"heading.default\">\n\t\t\t\t<div class=\"elementor-widget-container\">\n\t\t\t\t\t<h2 class=\"elementor-heading-title elementor-size-default\">YAPILAN \u0130\u015eLER<\/h2>\t\t\t\t<\/div>\n\t\t\t\t<\/div>\n\t\t\t\t<div class=\"elementor-element elementor-element-cb25e4f elementor-widget elementor-widget-text-editor\" data-id=\"cb25e4f\" data-element_type=\"widget\" data-e-type=\"widget\" data-widget_type=\"text-editor.default\">\n\t\t\t\t<div class=\"elementor-widget-container\">\n\t\t\t\t\t\t\t\t\t<div class=\"wp-block-columns\">\n<div class=\"wp-block-column has-medium-font-size\" style=\"flex-basis: 100%;\">\n<div class=\"wp-block-columns\">\n<div class=\"wp-block-column has-medium-font-size\" style=\"flex-basis: 100%;\">\n<p>Ayd\u0131nlatma Tasar\u0131m, Projelendirme ve Uygulamalar\u0131<\/p>\n<ul>\n<li>Ayd\u0131nlatma\u00a0 Otomasyonu<\/li>\n<\/ul>\n<\/div>\n<\/div>\n<p>\u00a0<\/p>\n<!-- \/wp:freeform --><\/div>\n<!-- \/wp:column --><\/div>\n<p><!-- \/wp:columns --><!-- wp:paragraph --><\/p>\t\t\t\t\t\t\t\t<\/div>\n\t\t\t\t<\/div>\n\t\t\t\t<\/div>\n\t\t\t\t<\/div>\n\t\t\t\t<\/div>\n\t\t\t\t<\/div>\n\t\t","protected":false},"excerpt":{"rendered":"<p>WHITE PEPPER YAPILAN \u0130\u015eLER Ayd\u0131nlatma Tasar\u0131m, Projelendirme ve Uygulamalar\u0131 Ayd\u0131nlatma\u00a0 Otomasyonu \u00a0<\/p>\n","protected":false},"author":1,"featured_media":0,"parent":0,"menu_order":0,"comment_status":"closed","ping_status":"closed","template":"page-templates\/pagebuilder.php","meta":{"_eb_attr":"","footnotes":""},"class_list":["post-116","page","type-page","status-publish","hentry"],"_links":{"self":[{"href":"https:\/\/www.fxsystem.com.tr\/index.php\/wp-json\/wp\/v2\/pages\/116","targetHints":{"allow":["GET"]}}],"collection":[{"href":"https:\/\/www.fxsystem.com.tr\/index.php\/wp-json\/wp\/v2\/pages"}],"about":[{"href":"https:\/\/www.fxsystem.com.tr\/index.php\/wp-json\/wp\/v2\/types\/page"}],"author":[{"embeddable":true,"href":"https:\/\/www.fxsystem.com.tr\/index.php\/wp-json\/wp\/v2\/users\/1"}],"replies":[{"embeddable":true,"href":"https:\/\/www.fxsystem.com.tr\/index.php\/wp-json\/wp\/v2\/comments?post=116"}],"version-history":[{"count":7,"href":"https:\/\/www.fxsystem.com.tr\/index.php\/wp-json\/wp\/v2\/pages\/116\/revisions"}],"predecessor-version":[{"id":232,"href":"https:\/\/www.fxsystem.com.tr\/index.php\/wp-json\/wp\/v2\/pages\/116\/revisions\/232"}],"wp:attachment":[{"href":"https:\/\/www.fxsystem.com.tr\/index.php\/wp-json\/wp\/v2\/media?parent=116"}],"curies":[{"name":"wp","href":"https:\/\/api.w.org\/{rel}","templated":true}]}}