{"id":126,"date":"2024-11-29T20:05:20","date_gmt":"2024-11-29T20:05:20","guid":{"rendered":"http:\/\/www.fxsystem.com.tr\/?page_id=126"},"modified":"2024-11-30T15:21:01","modified_gmt":"2024-11-30T15:21:01","slug":"divan-pub-akaretler","status":"publish","type":"page","link":"https:\/\/www.fxsystem.com.tr\/index.php\/divan-pub-akaretler\/","title":{"rendered":"Divan Pub Akaretler"},"content":{"rendered":"\t\t<div data-elementor-type=\"wp-page\" data-elementor-id=\"126\" class=\"elementor elementor-126\">\n\t\t\t\t<div class=\"elementor-element elementor-element-7382b94 e-flex e-con-boxed e-con e-parent\" data-id=\"7382b94\" data-element_type=\"container\" data-e-type=\"container\">\n\t\t\t\t\t<div class=\"e-con-inner\">\n\t\t<div class=\"elementor-element elementor-element-d8f9672 e-con-full e-flex e-con e-child\" data-id=\"d8f9672\" data-element_type=\"container\" data-e-type=\"container\">\n\t\t<div class=\"elementor-element elementor-element-4b035fc e-con-full e-flex e-con e-child\" data-id=\"4b035fc\" data-element_type=\"container\" data-e-type=\"container\">\n\t\t\t\t<\/div>\n\t\t<div class=\"elementor-element elementor-element-66250fe e-con-full e-flex e-con e-child\" data-id=\"66250fe\" data-element_type=\"container\" data-e-type=\"container\">\n\t\t<div class=\"elementor-element elementor-element-d88425e e-grid e-con-full e-con e-child\" data-id=\"d88425e\" data-element_type=\"container\" data-e-type=\"container\">\n\t\t\t\t<div class=\"elementor-element elementor-element-488435e elementor-widget elementor-widget-image\" data-id=\"488435e\" data-element_type=\"widget\" data-e-type=\"widget\" data-widget_type=\"image.default\">\n\t\t\t\t<div class=\"elementor-widget-container\">\n\t\t\t\t\t\t\t\t\t\t\t\t\t\t\t<img fetchpriority=\"high\" decoding=\"async\" width=\"810\" height=\"520\" src=\"http:\/\/www.fxsystem.com.tr\/wp-content\/uploads\/2024\/11\/akaret2.jpg\" class=\"attachment-full size-full wp-image-128\" alt=\"\" srcset=\"http:\/\/www.fxsystem.com.tr\/wp-content\/uploads\/2024\/11\/akaret2.jpg 810w, http:\/\/www.fxsystem.com.tr\/wp-content\/uploads\/2024\/11\/akaret2-300x193.jpg 300w, http:\/\/www.fxsystem.com.tr\/wp-content\/uploads\/2024\/11\/akaret2-768x493.jpg 768w\" sizes=\"(max-width: 810px) 100vw, 810px\" \/>\t\t\t\t\t\t\t\t\t\t\t\t\t\t\t<\/div>\n\t\t\t\t<\/div>\n\t\t\t\t<div class=\"elementor-element elementor-element-8468382 elementor-widget elementor-widget-image\" data-id=\"8468382\" data-element_type=\"widget\" data-e-type=\"widget\" data-widget_type=\"image.default\">\n\t\t\t\t<div class=\"elementor-widget-container\">\n\t\t\t\t\t\t\t\t\t\t\t\t\t\t\t<img decoding=\"async\" width=\"810\" height=\"583\" src=\"http:\/\/www.fxsystem.com.tr\/wp-content\/uploads\/2024\/11\/akaret.jpg\" class=\"attachment-large size-large wp-image-127\" alt=\"\" srcset=\"http:\/\/www.fxsystem.com.tr\/wp-content\/uploads\/2024\/11\/akaret.jpg 810w, http:\/\/www.fxsystem.com.tr\/wp-content\/uploads\/2024\/11\/akaret-300x216.jpg 300w, http:\/\/www.fxsystem.com.tr\/wp-content\/uploads\/2024\/11\/akaret-768x553.jpg 768w\" sizes=\"(max-width: 810px) 100vw, 810px\" \/>\t\t\t\t\t\t\t\t\t\t\t\t\t\t\t<\/div>\n\t\t\t\t<\/div>\n\t\t\t\t<\/div>\n\t\t\t\t<\/div>\n\t\t<div class=\"elementor-element elementor-element-aaf728c e-con-full e-flex e-con e-child\" data-id=\"aaf728c\" data-element_type=\"container\" data-e-type=\"container\">\n\t\t\t\t<div class=\"elementor-element elementor-element-e891a18 elementor-widget elementor-widget-heading\" data-id=\"e891a18\" data-element_type=\"widget\" data-e-type=\"widget\" data-widget_type=\"heading.default\">\n\t\t\t\t<div class=\"elementor-widget-container\">\n\t\t\t\t\t<h2 class=\"elementor-heading-title elementor-size-default\">D\u0130VAN PUB AKARETLER<\/h2>\t\t\t\t<\/div>\n\t\t\t\t<\/div>\n\t\t<div class=\"elementor-element elementor-element-fc596b7 e-grid e-con-full e-con e-child\" data-id=\"fc596b7\" data-element_type=\"container\" data-e-type=\"container\">\n\t\t\t\t<div class=\"elementor-element elementor-element-086d623 elementor-widget elementor-widget-heading\" data-id=\"086d623\" data-element_type=\"widget\" data-e-type=\"widget\" data-widget_type=\"heading.default\">\n\t\t\t\t<div class=\"elementor-widget-container\">\n\t\t\t\t\t<h2 class=\"elementor-heading-title elementor-size-default\">YAPILAN \u0130\u015eLER<\/h2>\t\t\t\t<\/div>\n\t\t\t\t<\/div>\n\t\t\t\t<div class=\"elementor-element elementor-element-0850a9f elementor-widget elementor-widget-text-editor\" data-id=\"0850a9f\" data-element_type=\"widget\" data-e-type=\"widget\" data-widget_type=\"text-editor.default\">\n\t\t\t\t<div class=\"elementor-widget-container\">\n\t\t\t\t\t\t\t\t\t<div class=\"wp-block-columns\">\n<div class=\"wp-block-column has-medium-font-size\" style=\"flex-basis: 100%;\">\n<div class=\"wp-block-columns\">\n<div class=\"wp-block-column has-medium-font-size\" style=\"flex-basis: 100%;\">\n<p>Elektrik G\u00fc\u00e7 Tesisat\u0131<\/p>\n<p style=\"text-align: left;\">Elektrik Panolar\u0131n\u0131n Tasar\u0131m ve \u0130malatlar\u0131<\/p>\n<p>Ayd\u0131nlatma Tasar\u0131m, Projelendirme ve Uygulamalar\u0131<\/p>\n<ul>\n<li>Ayd\u0131nlatma\u00a0 Otomasyonu<\/li>\n<\/ul>\n<p>Zay\u0131f Ak\u0131m Sistemleri<\/p>\n<ul>\n<li>Yang\u0131n \u0130hbar Sistemleri<\/li>\n<li>Kamera Sistemleri<\/li>\n<li>Data, Telefon ve TV Sistemleri<\/li>\n<li>Acil Anons ve Ses Sistemleri<\/li>\n<li>G\u00fcvenlik Sistemleri<\/li>\n<\/ul>\n<!-- \/wp:freeform --><\/div>\n<!-- \/wp:column --><\/div>\n<p><!-- \/wp:columns -->\n\n<!-- wp:paragraph --><\/p>\n<p>&nbsp;<\/p>\n<!-- \/wp:freeform --><\/div>\n<!-- \/wp:column --><\/div>\n<p><!-- \/wp:columns -->\n\n<!-- wp:paragraph --><\/p>\t\t\t\t\t\t\t\t<\/div>\n\t\t\t\t<\/div>\n\t\t\t\t<\/div>\n\t\t\t\t<\/div>\n\t\t\t\t<\/div>\n\t\t\t\t\t<\/div>\n\t\t\t\t<\/div>\n\t\t\t\t<\/div>\n\t\t","protected":false},"excerpt":{"rendered":"<p>D\u0130VAN PUB AKARETLER YAPILAN \u0130\u015eLER Elektrik G\u00fc\u00e7 Tesisat\u0131 Elektrik Panolar\u0131n\u0131n Tasar\u0131m ve \u0130malatlar\u0131 Ayd\u0131nlatma Tasar\u0131m, Projelendirme ve Uygulamalar\u0131 Ayd\u0131nlatma\u00a0 Otomasyonu Zay\u0131f Ak\u0131m Sistemleri Yang\u0131n \u0130hbar Sistemleri Kamera Sistemleri Data, Telefon ve TV Sistemleri Acil Anons ve Ses Sistemleri G\u00fcvenlik Sistemleri &nbsp;<\/p>\n","protected":false},"author":1,"featured_media":0,"parent":0,"menu_order":0,"comment_status":"closed","ping_status":"closed","template":"page-templates\/pagebuilder.php","meta":{"_eb_attr":"","footnotes":""},"class_list":["post-126","page","type-page","status-publish","hentry"],"_links":{"self":[{"href":"https:\/\/www.fxsystem.com.tr\/index.php\/wp-json\/wp\/v2\/pages\/126","targetHints":{"allow":["GET"]}}],"collection":[{"href":"https:\/\/www.fxsystem.com.tr\/index.php\/wp-json\/wp\/v2\/pages"}],"about":[{"href":"https:\/\/www.fxsystem.com.tr\/index.php\/wp-json\/wp\/v2\/types\/page"}],"author":[{"embeddable":true,"href":"https:\/\/www.fxsystem.com.tr\/index.php\/wp-json\/wp\/v2\/users\/1"}],"replies":[{"embeddable":true,"href":"https:\/\/www.fxsystem.com.tr\/index.php\/wp-json\/wp\/v2\/comments?post=126"}],"version-history":[{"count":4,"href":"https:\/\/www.fxsystem.com.tr\/index.php\/wp-json\/wp\/v2\/pages\/126\/revisions"}],"predecessor-version":[{"id":262,"href":"https:\/\/www.fxsystem.com.tr\/index.php\/wp-json\/wp\/v2\/pages\/126\/revisions\/262"}],"wp:attachment":[{"href":"https:\/\/www.fxsystem.com.tr\/index.php\/wp-json\/wp\/v2\/media?parent=126"}],"curies":[{"name":"wp","href":"https:\/\/api.w.org\/{rel}","templated":true}]}}