{"id":147,"date":"2024-11-29T20:19:25","date_gmt":"2024-11-29T20:19:25","guid":{"rendered":"http:\/\/www.fxsystem.com.tr\/?page_id=147"},"modified":"2024-11-30T15:11:23","modified_gmt":"2024-11-30T15:11:23","slug":"divan-galataport","status":"publish","type":"page","link":"https:\/\/www.fxsystem.com.tr\/index.php\/divan-galataport\/","title":{"rendered":"Divan Galataport"},"content":{"rendered":"\t\t<div data-elementor-type=\"wp-page\" data-elementor-id=\"147\" class=\"elementor elementor-147\">\n\t\t\t\t<div class=\"elementor-element elementor-element-d6439a0 e-con-full e-flex e-con e-child\" data-id=\"d6439a0\" data-element_type=\"container\" data-e-type=\"container\">\n\t\t<div class=\"elementor-element elementor-element-33816a6 e-con-full e-flex e-con e-child\" data-id=\"33816a6\" data-element_type=\"container\" data-e-type=\"container\">\n\t\t\t\t<\/div>\n\t\t<div class=\"elementor-element elementor-element-b8e00eb e-con-full e-flex e-con e-child\" data-id=\"b8e00eb\" data-element_type=\"container\" data-e-type=\"container\">\n\t\t<div class=\"elementor-element elementor-element-ef29f4c e-grid e-con-full e-con e-child\" data-id=\"ef29f4c\" data-element_type=\"container\" data-e-type=\"container\">\n\t\t\t\t<div class=\"elementor-element elementor-element-a8f89df elementor-widget elementor-widget-image\" data-id=\"a8f89df\" data-element_type=\"widget\" data-e-type=\"widget\" data-widget_type=\"image.default\">\n\t\t\t\t<div class=\"elementor-widget-container\">\n\t\t\t\t\t\t\t\t\t\t\t\t\t\t\t<img fetchpriority=\"high\" decoding=\"async\" width=\"1080\" height=\"1080\" src=\"https:\/\/www.fxsystem.com.tr\/wp-content\/uploads\/2024\/11\/galataport.jpg\" class=\"attachment-full size-full wp-image-148\" alt=\"\" srcset=\"https:\/\/www.fxsystem.com.tr\/wp-content\/uploads\/2024\/11\/galataport.jpg 1080w, https:\/\/www.fxsystem.com.tr\/wp-content\/uploads\/2024\/11\/galataport-300x300.jpg 300w, https:\/\/www.fxsystem.com.tr\/wp-content\/uploads\/2024\/11\/galataport-1024x1024.jpg 1024w, https:\/\/www.fxsystem.com.tr\/wp-content\/uploads\/2024\/11\/galataport-150x150.jpg 150w, https:\/\/www.fxsystem.com.tr\/wp-content\/uploads\/2024\/11\/galataport-768x768.jpg 768w\" sizes=\"(max-width: 1080px) 100vw, 1080px\" \/>\t\t\t\t\t\t\t\t\t\t\t\t\t\t\t<\/div>\n\t\t\t\t<\/div>\n\t\t\t\t<\/div>\n\t\t\t\t<\/div>\n\t\t<div class=\"elementor-element elementor-element-62c4009 e-con-full e-flex e-con e-child\" data-id=\"62c4009\" data-element_type=\"container\" data-e-type=\"container\">\n\t\t\t\t<div class=\"elementor-element elementor-element-8b9ba4d elementor-widget elementor-widget-heading\" data-id=\"8b9ba4d\" data-element_type=\"widget\" data-e-type=\"widget\" data-widget_type=\"heading.default\">\n\t\t\t\t<div class=\"elementor-widget-container\">\n\t\t\t\t\t<h2 class=\"elementor-heading-title elementor-size-default\">D\u0130VAN GALATAPORT<\/h2>\t\t\t\t<\/div>\n\t\t\t\t<\/div>\n\t\t<div class=\"elementor-element elementor-element-ba070aa e-grid e-con-full e-con e-child\" data-id=\"ba070aa\" data-element_type=\"container\" data-e-type=\"container\">\n\t\t\t\t<div class=\"elementor-element elementor-element-2445c02 elementor-widget elementor-widget-heading\" data-id=\"2445c02\" data-element_type=\"widget\" data-e-type=\"widget\" data-widget_type=\"heading.default\">\n\t\t\t\t<div class=\"elementor-widget-container\">\n\t\t\t\t\t<h2 class=\"elementor-heading-title elementor-size-default\">YAPILAN \u0130\u015eLER<\/h2>\t\t\t\t<\/div>\n\t\t\t\t<\/div>\n\t\t\t\t<div class=\"elementor-element elementor-element-8ad8f82 elementor-widget elementor-widget-text-editor\" data-id=\"8ad8f82\" data-element_type=\"widget\" data-e-type=\"widget\" data-widget_type=\"text-editor.default\">\n\t\t\t\t<div class=\"elementor-widget-container\">\n\t\t\t\t\t\t\t\t\t<div class=\"wp-block-columns\">\n<div class=\"wp-block-column has-medium-font-size\" style=\"flex-basis: 100%;\">\n<div class=\"wp-block-columns\">\n<div class=\"wp-block-column has-medium-font-size\" style=\"flex-basis: 100%;\">\n<p>Elektrik G\u00fc\u00e7 Tesisat\u0131<\/p>\n<p style=\"text-align: left;\">Elektrik Panolar\u0131n\u0131n Tasar\u0131m ve \u0130malatlar\u0131<\/p>\n<p>Ayd\u0131nlatma Tasar\u0131m, Projelendirme ve Uygulamalar\u0131<\/p>\n<ul>\n<li>Ayd\u0131nlatma\u00a0 Otomasyonu<\/li>\n<\/ul>\n<p>Zay\u0131f Ak\u0131m Sistemleri<\/p>\n<ul>\n<li>Yang\u0131n \u0130hbar Sistemleri<\/li>\n<li>Kamera Sistemleri<\/li>\n<li>Data, Telefon ve TV Sistemleri<\/li>\n<li>Acil Anons ve Ses Sistemleri<\/li>\n<li>G\u00fcvenlik Sistemleri<\/li>\n<\/ul>\n<!-- \/wp:freeform --><\/div>\n<!-- \/wp:column --><\/div>\n<p><!-- \/wp:columns -->\n\n<!-- wp:paragraph --><\/p>\n<p>&nbsp;<\/p>\n<!-- \/wp:freeform --><\/div>\n<!-- \/wp:column --><\/div>\n<p><!-- \/wp:columns -->\n\n<!-- wp:paragraph --><\/p>\t\t\t\t\t\t\t\t<\/div>\n\t\t\t\t<\/div>\n\t\t\t\t<\/div>\n\t\t\t\t<\/div>\n\t\t\t\t<\/div>\n\t\t\t\t<\/div>\n\t\t","protected":false},"excerpt":{"rendered":"<p>D\u0130VAN GALATAPORT YAPILAN \u0130\u015eLER Elektrik G\u00fc\u00e7 Tesisat\u0131 Elektrik Panolar\u0131n\u0131n Tasar\u0131m ve \u0130malatlar\u0131 Ayd\u0131nlatma Tasar\u0131m, Projelendirme ve Uygulamalar\u0131 Ayd\u0131nlatma\u00a0 Otomasyonu Zay\u0131f Ak\u0131m Sistemleri Yang\u0131n \u0130hbar Sistemleri Kamera Sistemleri Data, Telefon ve TV Sistemleri Acil Anons ve Ses Sistemleri G\u00fcvenlik Sistemleri &nbsp;<\/p>\n","protected":false},"author":1,"featured_media":0,"parent":0,"menu_order":0,"comment_status":"closed","ping_status":"closed","template":"page-templates\/pagebuilder.php","meta":{"_eb_attr":"","footnotes":""},"class_list":["post-147","page","type-page","status-publish","hentry"],"_links":{"self":[{"href":"https:\/\/www.fxsystem.com.tr\/index.php\/wp-json\/wp\/v2\/pages\/147","targetHints":{"allow":["GET"]}}],"collection":[{"href":"https:\/\/www.fxsystem.com.tr\/index.php\/wp-json\/wp\/v2\/pages"}],"about":[{"href":"https:\/\/www.fxsystem.com.tr\/index.php\/wp-json\/wp\/v2\/types\/page"}],"author":[{"embeddable":true,"href":"https:\/\/www.fxsystem.com.tr\/index.php\/wp-json\/wp\/v2\/users\/1"}],"replies":[{"embeddable":true,"href":"https:\/\/www.fxsystem.com.tr\/index.php\/wp-json\/wp\/v2\/comments?post=147"}],"version-history":[{"count":10,"href":"https:\/\/www.fxsystem.com.tr\/index.php\/wp-json\/wp\/v2\/pages\/147\/revisions"}],"predecessor-version":[{"id":250,"href":"https:\/\/www.fxsystem.com.tr\/index.php\/wp-json\/wp\/v2\/pages\/147\/revisions\/250"}],"wp:attachment":[{"href":"https:\/\/www.fxsystem.com.tr\/index.php\/wp-json\/wp\/v2\/media?parent=147"}],"curies":[{"name":"wp","href":"https:\/\/api.w.org\/{rel}","templated":true}]}}