{"id":150,"date":"2024-11-29T20:20:54","date_gmt":"2024-11-29T20:20:54","guid":{"rendered":"http:\/\/www.fxsystem.com.tr\/?page_id=150"},"modified":"2024-11-30T15:13:46","modified_gmt":"2024-11-30T15:13:46","slug":"divan-kurucesme-bistro","status":"publish","type":"page","link":"https:\/\/www.fxsystem.com.tr\/index.php\/divan-kurucesme-bistro\/","title":{"rendered":"Divan Kuru\u00e7e\u015fme Bistro"},"content":{"rendered":"\t\t<div data-elementor-type=\"wp-page\" data-elementor-id=\"150\" class=\"elementor elementor-150\">\n\t\t\t\t<div class=\"elementor-element elementor-element-9c65a3d e-con-full e-flex e-con e-child\" data-id=\"9c65a3d\" data-element_type=\"container\" data-e-type=\"container\">\n\t\t<div class=\"elementor-element elementor-element-07e4f54 e-con-full e-flex e-con e-child\" data-id=\"07e4f54\" data-element_type=\"container\" data-e-type=\"container\">\n\t\t\t\t<\/div>\n\t\t<div class=\"elementor-element elementor-element-3660a75 e-con-full e-flex e-con e-child\" data-id=\"3660a75\" data-element_type=\"container\" data-e-type=\"container\">\n\t\t<div class=\"elementor-element elementor-element-dda5c7d e-grid e-con-full e-con e-child\" data-id=\"dda5c7d\" data-element_type=\"container\" data-e-type=\"container\">\n\t\t\t\t<div class=\"elementor-element elementor-element-7537c93 elementor-widget elementor-widget-image\" data-id=\"7537c93\" data-element_type=\"widget\" data-e-type=\"widget\" data-widget_type=\"image.default\">\n\t\t\t\t<div class=\"elementor-widget-container\">\n\t\t\t\t\t\t\t\t\t\t\t\t\t\t\t<img fetchpriority=\"high\" decoding=\"async\" width=\"810\" height=\"525\" src=\"https:\/\/www.fxsystem.com.tr\/wp-content\/uploads\/2024\/11\/kuruces.jpg\" class=\"attachment-full size-full wp-image-151\" alt=\"\" srcset=\"https:\/\/www.fxsystem.com.tr\/wp-content\/uploads\/2024\/11\/kuruces.jpg 810w, https:\/\/www.fxsystem.com.tr\/wp-content\/uploads\/2024\/11\/kuruces-300x194.jpg 300w, https:\/\/www.fxsystem.com.tr\/wp-content\/uploads\/2024\/11\/kuruces-768x498.jpg 768w\" sizes=\"(max-width: 810px) 100vw, 810px\" \/>\t\t\t\t\t\t\t\t\t\t\t\t\t\t\t<\/div>\n\t\t\t\t<\/div>\n\t\t\t\t<\/div>\n\t\t\t\t<\/div>\n\t\t<div class=\"elementor-element elementor-element-8f93602 e-con-full e-flex e-con e-child\" data-id=\"8f93602\" data-element_type=\"container\" data-e-type=\"container\">\n\t\t\t\t<div class=\"elementor-element elementor-element-4758224 elementor-widget elementor-widget-heading\" data-id=\"4758224\" data-element_type=\"widget\" data-e-type=\"widget\" data-widget_type=\"heading.default\">\n\t\t\t\t<div class=\"elementor-widget-container\">\n\t\t\t\t\t<h2 class=\"elementor-heading-title elementor-size-default\">D\u0130VAN KURU\u00c7E\u015eME BISTRO<\/h2>\t\t\t\t<\/div>\n\t\t\t\t<\/div>\n\t\t<div class=\"elementor-element elementor-element-eb48704 e-grid e-con-full e-con e-child\" data-id=\"eb48704\" data-element_type=\"container\" data-e-type=\"container\">\n\t\t\t\t<div class=\"elementor-element elementor-element-965cbe7 elementor-widget elementor-widget-heading\" data-id=\"965cbe7\" data-element_type=\"widget\" data-e-type=\"widget\" data-widget_type=\"heading.default\">\n\t\t\t\t<div class=\"elementor-widget-container\">\n\t\t\t\t\t<h2 class=\"elementor-heading-title elementor-size-default\">YAPILAN \u0130\u015eLER<\/h2>\t\t\t\t<\/div>\n\t\t\t\t<\/div>\n\t\t\t\t<div class=\"elementor-element elementor-element-56bcac5 elementor-widget elementor-widget-text-editor\" data-id=\"56bcac5\" data-element_type=\"widget\" data-e-type=\"widget\" data-widget_type=\"text-editor.default\">\n\t\t\t\t<div class=\"elementor-widget-container\">\n\t\t\t\t\t\t\t\t\t<div class=\"wp-block-columns\">\n<div class=\"wp-block-column has-medium-font-size\" style=\"flex-basis: 100%;\">\n<div class=\"wp-block-columns\">\n<div class=\"wp-block-column has-medium-font-size\" style=\"flex-basis: 100%;\">\n<p>Elektrik G\u00fc\u00e7 Tesisat\u0131<\/p>\n<p style=\"text-align: left;\">Elektrik Panolar\u0131n\u0131n Tasar\u0131m ve \u0130malatlar\u0131<\/p>\n<p>Ayd\u0131nlatma Tasar\u0131m, Projelendirme ve Uygulamalar\u0131<\/p>\n<ul>\n<li>Ayd\u0131nlatma\u00a0 Otomasyonu<\/li>\n<\/ul>\n<p>Zay\u0131f Ak\u0131m Sistemleri<\/p>\n<ul>\n<li>Yang\u0131n \u0130hbar Sistemleri<\/li>\n<li>Kamera Sistemleri<\/li>\n<li>Data, Telefon ve TV Sistemleri<\/li>\n<li>Acil Anons ve Ses Sistemleri<\/li>\n<li>G\u00fcvenlik Sistemleri<\/li>\n<\/ul>\n<!-- \/wp:freeform --><\/div>\n<!-- \/wp:column --><\/div>\n<p><!-- \/wp:columns -->\n\n<!-- wp:paragraph --><\/p>\n<p>&nbsp;<\/p>\n<!-- \/wp:freeform --><\/div>\n<!-- \/wp:column --><\/div>\n<p><!-- \/wp:columns -->\n\n<!-- wp:paragraph --><\/p>\t\t\t\t\t\t\t\t<\/div>\n\t\t\t\t<\/div>\n\t\t\t\t<\/div>\n\t\t\t\t<\/div>\n\t\t\t\t<\/div>\n\t\t\t\t<\/div>\n\t\t","protected":false},"excerpt":{"rendered":"<p>D\u0130VAN KURU\u00c7E\u015eME BISTRO YAPILAN \u0130\u015eLER Elektrik G\u00fc\u00e7 Tesisat\u0131 Elektrik Panolar\u0131n\u0131n Tasar\u0131m ve \u0130malatlar\u0131 Ayd\u0131nlatma Tasar\u0131m, Projelendirme ve Uygulamalar\u0131 Ayd\u0131nlatma\u00a0 Otomasyonu Zay\u0131f Ak\u0131m Sistemleri Yang\u0131n \u0130hbar Sistemleri Kamera Sistemleri Data, Telefon ve TV Sistemleri Acil Anons ve Ses Sistemleri G\u00fcvenlik Sistemleri &nbsp;<\/p>\n","protected":false},"author":1,"featured_media":0,"parent":0,"menu_order":0,"comment_status":"closed","ping_status":"closed","template":"page-templates\/pagebuilder.php","meta":{"_eb_attr":"","footnotes":""},"class_list":["post-150","page","type-page","status-publish","hentry"],"_links":{"self":[{"href":"https:\/\/www.fxsystem.com.tr\/index.php\/wp-json\/wp\/v2\/pages\/150","targetHints":{"allow":["GET"]}}],"collection":[{"href":"https:\/\/www.fxsystem.com.tr\/index.php\/wp-json\/wp\/v2\/pages"}],"about":[{"href":"https:\/\/www.fxsystem.com.tr\/index.php\/wp-json\/wp\/v2\/types\/page"}],"author":[{"embeddable":true,"href":"https:\/\/www.fxsystem.com.tr\/index.php\/wp-json\/wp\/v2\/users\/1"}],"replies":[{"embeddable":true,"href":"https:\/\/www.fxsystem.com.tr\/index.php\/wp-json\/wp\/v2\/comments?post=150"}],"version-history":[{"count":4,"href":"https:\/\/www.fxsystem.com.tr\/index.php\/wp-json\/wp\/v2\/pages\/150\/revisions"}],"predecessor-version":[{"id":253,"href":"https:\/\/www.fxsystem.com.tr\/index.php\/wp-json\/wp\/v2\/pages\/150\/revisions\/253"}],"wp:attachment":[{"href":"https:\/\/www.fxsystem.com.tr\/index.php\/wp-json\/wp\/v2\/media?parent=150"}],"curies":[{"name":"wp","href":"https:\/\/api.w.org\/{rel}","templated":true}]}}