{"id":166,"date":"2024-11-29T20:27:59","date_gmt":"2024-11-29T20:27:59","guid":{"rendered":"http:\/\/www.fxsystem.com.tr\/?page_id=166"},"modified":"2024-11-30T14:53:59","modified_gmt":"2024-11-30T14:53:59","slug":"ibb-kartal-sosyal-yasam-merkezi","status":"publish","type":"page","link":"https:\/\/www.fxsystem.com.tr\/index.php\/ibb-kartal-sosyal-yasam-merkezi\/","title":{"rendered":"\u0130BB KARTAL SOSYAL YA\u015eAM MERKEZ\u0130"},"content":{"rendered":"\t\t<div data-elementor-type=\"wp-page\" data-elementor-id=\"166\" class=\"elementor elementor-166\">\n\t\t\t\t<div class=\"elementor-element elementor-element-4f370ac e-con-full e-flex e-con e-child\" data-id=\"4f370ac\" data-element_type=\"container\" data-e-type=\"container\">\n\t\t<div class=\"elementor-element elementor-element-6d5d248 e-con-full e-flex e-con e-child\" data-id=\"6d5d248\" data-element_type=\"container\" data-e-type=\"container\">\n\t\t\t\t<\/div>\n\t\t<div class=\"elementor-element elementor-element-40e500c e-con-full e-flex e-con e-child\" data-id=\"40e500c\" data-element_type=\"container\" data-e-type=\"container\">\n\t\t<div class=\"elementor-element elementor-element-96de2f7 e-grid e-con-full e-con e-child\" data-id=\"96de2f7\" data-element_type=\"container\" data-e-type=\"container\">\n\t\t\t\t<div class=\"elementor-element elementor-element-36bf41c elementor-widget elementor-widget-image\" data-id=\"36bf41c\" data-element_type=\"widget\" data-e-type=\"widget\" data-widget_type=\"image.default\">\n\t\t\t\t<div class=\"elementor-widget-container\">\n\t\t\t\t\t\t\t\t\t\t\t\t\t\t\t<img fetchpriority=\"high\" decoding=\"async\" width=\"300\" height=\"300\" src=\"https:\/\/www.fxsystem.com.tr\/wp-content\/uploads\/2024\/11\/Ibb_amblem.png\" class=\"attachment-full size-full wp-image-74\" alt=\"\" srcset=\"https:\/\/www.fxsystem.com.tr\/wp-content\/uploads\/2024\/11\/Ibb_amblem.png 300w, https:\/\/www.fxsystem.com.tr\/wp-content\/uploads\/2024\/11\/Ibb_amblem-150x150.png 150w\" sizes=\"(max-width: 300px) 100vw, 300px\" \/>\t\t\t\t\t\t\t\t\t\t\t\t\t\t\t<\/div>\n\t\t\t\t<\/div>\n\t\t\t\t<\/div>\n\t\t\t\t<\/div>\n\t\t<div class=\"elementor-element elementor-element-2a7107c e-con-full e-flex e-con e-child\" data-id=\"2a7107c\" data-element_type=\"container\" data-e-type=\"container\">\n\t\t\t\t<div class=\"elementor-element elementor-element-b2f4bcc elementor-widget elementor-widget-heading\" data-id=\"b2f4bcc\" data-element_type=\"widget\" data-e-type=\"widget\" data-widget_type=\"heading.default\">\n\t\t\t\t<div class=\"elementor-widget-container\">\n\t\t\t\t\t<h2 class=\"elementor-heading-title elementor-size-default\">\u0130BB KARTAL SOSYAL YA\u015eAM MERKEZ\u0130<\/h2>\t\t\t\t<\/div>\n\t\t\t\t<\/div>\n\t\t<div class=\"elementor-element elementor-element-92950a1 e-grid e-con-full e-con e-child\" data-id=\"92950a1\" data-element_type=\"container\" data-e-type=\"container\">\n\t\t\t\t<div class=\"elementor-element elementor-element-3645f42 elementor-widget elementor-widget-heading\" data-id=\"3645f42\" data-element_type=\"widget\" data-e-type=\"widget\" data-widget_type=\"heading.default\">\n\t\t\t\t<div class=\"elementor-widget-container\">\n\t\t\t\t\t<h2 class=\"elementor-heading-title elementor-size-default\">YAPILAN \u0130\u015eLER<\/h2>\t\t\t\t<\/div>\n\t\t\t\t<\/div>\n\t\t\t\t<div class=\"elementor-element elementor-element-b46aea2 elementor-widget elementor-widget-text-editor\" data-id=\"b46aea2\" data-element_type=\"widget\" data-e-type=\"widget\" data-widget_type=\"text-editor.default\">\n\t\t\t\t<div class=\"elementor-widget-container\">\n\t\t\t\t\t\t\t\t\t<div class=\"wp-block-columns\">\n<div class=\"wp-block-column has-medium-font-size\" style=\"flex-basis: 100%;\">\n<div class=\"wp-block-columns\">\n<div class=\"wp-block-column has-medium-font-size\" style=\"flex-basis: 100%;\">\n<div class=\"wp-block-columns\">\n<div class=\"wp-block-column has-medium-font-size\" style=\"flex-basis: 66.66%;\">\n<p>Elektrik G\u00fc\u00e7 Tesisat\u0131<\/p>\n<p>Elektrik Panolar\u0131n\u0131n Tasar\u0131m ve \u0130malatlar\u0131<\/p>\n<p>Ayd\u0131nlatma Tasar\u0131m, Projelendirme ve Uygulamalar\u0131<\/p>\n<ul>\n<li>Ayd\u0131nlatma\u00a0 Otomasyonu<\/li>\n<\/ul>\n<p>Zay\u0131f Ak\u0131m Sistemleri<\/p>\n<ul>\n<li>Yang\u0131n \u0130hbar Sistemleri<\/li>\n<li>Kamera Sistemleri<\/li>\n<li>Data, Telefon ve TV Sistemleri<\/li>\n<li>Acil Anons ve Ses Sistemleri<\/li>\n<li>G\u00fcvenlik Sistemleri<\/li>\n<\/ul>\n<p>Topraklama ve Paratoner Sistemleri<\/p>\n<!-- \/wp:freeform --><\/div>\n<!-- \/wp:column --><\/div>\n<p><!-- \/wp:columns --><!-- wp:paragraph --><\/p>\n<p>\u00a0<\/p>\n<\/div>\n<\/div>\n<!-- \/wp:freeform --><\/div>\n<!-- \/wp:column --><\/div>\n<p><!-- \/wp:columns --><!-- wp:paragraph --><\/p>\t\t\t\t\t\t\t\t<\/div>\n\t\t\t\t<\/div>\n\t\t\t\t<\/div>\n\t\t\t\t<\/div>\n\t\t\t\t<\/div>\n\t\t\t\t<\/div>\n\t\t","protected":false},"excerpt":{"rendered":"<p>\u0130BB KARTAL SOSYAL YA\u015eAM MERKEZ\u0130 YAPILAN \u0130\u015eLER Elektrik G\u00fc\u00e7 Tesisat\u0131 Elektrik Panolar\u0131n\u0131n Tasar\u0131m ve \u0130malatlar\u0131 Ayd\u0131nlatma Tasar\u0131m, Projelendirme ve Uygulamalar\u0131 Ayd\u0131nlatma\u00a0 Otomasyonu Zay\u0131f Ak\u0131m Sistemleri Yang\u0131n \u0130hbar Sistemleri Kamera Sistemleri Data, Telefon ve TV Sistemleri Acil Anons ve Ses Sistemleri G\u00fcvenlik Sistemleri Topraklama ve Paratoner Sistemleri \u00a0<\/p>\n","protected":false},"author":1,"featured_media":0,"parent":0,"menu_order":0,"comment_status":"closed","ping_status":"closed","template":"page-templates\/pagebuilder.php","meta":{"_eb_attr":"","footnotes":""},"class_list":["post-166","page","type-page","status-publish","hentry"],"_links":{"self":[{"href":"https:\/\/www.fxsystem.com.tr\/index.php\/wp-json\/wp\/v2\/pages\/166","targetHints":{"allow":["GET"]}}],"collection":[{"href":"https:\/\/www.fxsystem.com.tr\/index.php\/wp-json\/wp\/v2\/pages"}],"about":[{"href":"https:\/\/www.fxsystem.com.tr\/index.php\/wp-json\/wp\/v2\/types\/page"}],"author":[{"embeddable":true,"href":"https:\/\/www.fxsystem.com.tr\/index.php\/wp-json\/wp\/v2\/users\/1"}],"replies":[{"embeddable":true,"href":"https:\/\/www.fxsystem.com.tr\/index.php\/wp-json\/wp\/v2\/comments?post=166"}],"version-history":[{"count":7,"href":"https:\/\/www.fxsystem.com.tr\/index.php\/wp-json\/wp\/v2\/pages\/166\/revisions"}],"predecessor-version":[{"id":223,"href":"https:\/\/www.fxsystem.com.tr\/index.php\/wp-json\/wp\/v2\/pages\/166\/revisions\/223"}],"wp:attachment":[{"href":"https:\/\/www.fxsystem.com.tr\/index.php\/wp-json\/wp\/v2\/media?parent=166"}],"curies":[{"name":"wp","href":"https:\/\/api.w.org\/{rel}","templated":true}]}}